
{"id":2234,"date":"2024-06-19T16:19:05","date_gmt":"2024-06-19T16:19:05","guid":{"rendered":"https:\/\/cmi-strategies.com\/construction-renovation\/"},"modified":"2025-04-28T13:54:50","modified_gmt":"2025-04-28T13:54:50","slug":"construction-renovation","status":"publish","type":"page","link":"https:\/\/cmi-strategies.com\/en\/construction-renovation\/","title":{"rendered":"Construction &#038; Renovation"},"content":{"rendered":"<p>La construction et la r\u00e9novation des b\u00e2timents constituent un macro-secteur cl\u00e9 de l\u2019\u00e9conomie fran\u00e7aise et recouvrent une grande diversit\u00e9 de m\u00e9tiers et d\u2019acteurs.<\/p>\n","protected":false},"excerpt":{"rendered":"<p>La construction et la<\/p>\n","protected":false},"author":4,"featured_media":1970,"parent":0,"menu_order":0,"comment_status":"closed","ping_status":"closed","template":"","meta":{"footnotes":""},"class_list":["post-2234","page","type-page","status-publish","has-post-thumbnail","hentry"],"_links":{"self":[{"href":"https:\/\/cmi-strategies.com\/en\/wp-json\/wp\/v2\/pages\/2234","targetHints":{"allow":["GET"]}}],"collection":[{"href":"https:\/\/cmi-strategies.com\/en\/wp-json\/wp\/v2\/pages"}],"about":[{"href":"https:\/\/cmi-strategies.com\/en\/wp-json\/wp\/v2\/types\/page"}],"author":[{"embeddable":true,"href":"https:\/\/cmi-strategies.com\/en\/wp-json\/wp\/v2\/users\/4"}],"replies":[{"embeddable":true,"href":"https:\/\/cmi-strategies.com\/en\/wp-json\/wp\/v2\/comments?post=2234"}],"version-history":[{"count":2,"href":"https:\/\/cmi-strategies.com\/en\/wp-json\/wp\/v2\/pages\/2234\/revisions"}],"predecessor-version":[{"id":2679,"href":"https:\/\/cmi-strategies.com\/en\/wp-json\/wp\/v2\/pages\/2234\/revisions\/2679"}],"wp:featuredmedia":[{"embeddable":true,"href":"https:\/\/cmi-strategies.com\/en\/wp-json\/wp\/v2\/media\/1970"}],"wp:attachment":[{"href":"https:\/\/cmi-strategies.com\/en\/wp-json\/wp\/v2\/media?parent=2234"}],"curies":[{"name":"wp","href":"https:\/\/api.w.org\/{rel}","templated":true}]}}